{"id":136,"date":"2025-05-14T11:38:14","date_gmt":"2025-05-14T11:38:14","guid":{"rendered":"https:\/\/pcx.com.pl\/?page_id=136"},"modified":"2025-05-15T11:03:53","modified_gmt":"2025-05-15T11:03:53","slug":"kontakt","status":"publish","type":"page","link":"https:\/\/pcx.com.pl\/?page_id=136","title":{"rendered":"Kontakt"},"content":{"rendered":"\t\t<div data-elementor-type=\"wp-page\" data-elementor-id=\"136\" class=\"elementor elementor-136\" data-elementor-post-type=\"page\">\n\t\t\t\t<div class=\"elementor-element elementor-element-770be1d e-flex e-con-boxed e-con e-parent\" data-id=\"770be1d\" data-element_type=\"container\" data-e-type=\"container\" data-settings=\"{&quot;background_background&quot;:&quot;classic&quot;,&quot;shape_divider_bottom&quot;:&quot;mountains&quot;}\">\n\t\t\t\t\t<div class=\"e-con-inner\">\n\t\t\t\t<div class=\"elementor-shape elementor-shape-bottom\" aria-hidden=\"true\" data-negative=\"false\">\n\t\t\t<svg xmlns=\"http:\/\/www.w3.org\/2000\/svg\" viewBox=\"0 0 1000 100\" preserveAspectRatio=\"none\">\n\t<path class=\"elementor-shape-fill\" opacity=\"0.33\" d=\"M473,67.3c-203.9,88.3-263.1-34-320.3,0C66,119.1,0,59.7,0,59.7V0h1000v59.7 c0,0-62.1,26.1-94.9,29.3c-32.8,3.3-62.8-12.3-75.8-22.1C806,49.6,745.3,8.7,694.9,4.7S492.4,59,473,67.3z\"\/>\n\t<path class=\"elementor-shape-fill\" opacity=\"0.66\" d=\"M734,67.3c-45.5,0-77.2-23.2-129.1-39.1c-28.6-8.7-150.3-10.1-254,39.1 s-91.7-34.4-149.2,0C115.7,118.3,0,39.8,0,39.8V0h1000v36.5c0,0-28.2-18.5-92.1-18.5C810.2,18.1,775.7,67.3,734,67.3z\"\/>\n\t<path class=\"elementor-shape-fill\" d=\"M766.1,28.9c-200-57.5-266,65.5-395.1,19.5C242,1.8,242,5.4,184.8,20.6C128,35.8,132.3,44.9,89.9,52.5C28.6,63.7,0,0,0,0 h1000c0,0-9.9,40.9-83.6,48.1S829.6,47,766.1,28.9z\"\/>\n<\/svg>\t\t<\/div>\n\t\t\t\t<div class=\"elementor-element elementor-element-ded3be0 elementor-widget elementor-widget-spacer\" data-id=\"ded3be0\" data-element_type=\"widget\" data-e-type=\"widget\" data-widget_type=\"spacer.default\">\n\t\t\t\t<div class=\"elementor-widget-container\">\n\t\t\t\t\t\t\t<div class=\"elementor-spacer\">\n\t\t\t<div class=\"elementor-spacer-inner\"><\/div>\n\t\t<\/div>\n\t\t\t\t\t\t<\/div>\n\t\t\t\t<\/div>\n\t\t\t\t<div class=\"elementor-element elementor-element-adb4782 elementor-widget elementor-widget-spacer\" data-id=\"adb4782\" data-element_type=\"widget\" data-e-type=\"widget\" data-widget_type=\"spacer.default\">\n\t\t\t\t<div class=\"elementor-widget-container\">\n\t\t\t\t\t\t\t<div class=\"elementor-spacer\">\n\t\t\t<div class=\"elementor-spacer-inner\"><\/div>\n\t\t<\/div>\n\t\t\t\t\t\t<\/div>\n\t\t\t\t<\/div>\n\t\t\t\t\t<\/div>\n\t\t\t\t<\/div>\n\t\t<div class=\"elementor-element elementor-element-36a9318 e-flex e-con-boxed e-con e-parent\" data-id=\"36a9318\" data-element_type=\"container\" data-e-type=\"container\">\n\t\t\t\t\t<div class=\"e-con-inner\">\n\t\t\t\t<div class=\"elementor-element elementor-element-da01e0c elementor-widget elementor-widget-heading\" data-id=\"da01e0c\" data-element_type=\"widget\" data-e-type=\"widget\" data-widget_type=\"heading.default\">\n\t\t\t\t<div class=\"elementor-widget-container\">\n\t\t\t\t\t<h2 class=\"elementor-heading-title elementor-size-default\">Skontaktuj si\u0119 z nami<\/h2>\t\t\t\t<\/div>\n\t\t\t\t<\/div>\n\t\t\t\t<div class=\"elementor-element elementor-element-592557e elementor-widget elementor-widget-heading\" data-id=\"592557e\" data-element_type=\"widget\" data-e-type=\"widget\" data-widget_type=\"heading.default\">\n\t\t\t\t<div class=\"elementor-widget-container\">\n\t\t\t\t\t<h2 class=\"elementor-heading-title elementor-size-default\">Masz pytanie dotycz\u0105ce wsp\u00f3\u0142pracy, naszych technologii lub przetwarzania odpad\u00f3w?\nA mo\u017ce szukasz konkretnego rozwi\u0105zania dla trudnych frakcji popio\u0142\u00f3w, py\u0142\u00f3w lub materia\u0142\u00f3w przemys\u0142owych?<\/h2>\t\t\t\t<\/div>\n\t\t\t\t<\/div>\n\t\t\t\t<div class=\"elementor-element elementor-element-bdc3348 elementor-widget elementor-widget-heading\" data-id=\"bdc3348\" data-element_type=\"widget\" data-e-type=\"widget\" data-widget_type=\"heading.default\">\n\t\t\t\t<div class=\"elementor-widget-container\">\n\t\t\t\t\t<h2 class=\"elementor-heading-title elementor-size-default\">Jeste\u015bmy dost\u0119pni \u2013 dla partner\u00f3w, samorz\u0105d\u00f3w, inwestor\u00f3w i ka\u017cdego, kto szuka odpowiedzialnego podej\u015bcia do gospodarki odpadami.<\/h2>\t\t\t\t<\/div>\n\t\t\t\t<\/div>\n\t\t\t\t<div class=\"elementor-element elementor-element-fc49b8a elementor-widget elementor-widget-heading\" data-id=\"fc49b8a\" data-element_type=\"widget\" data-e-type=\"widget\" data-widget_type=\"heading.default\">\n\t\t\t\t<div class=\"elementor-widget-container\">\n\t\t\t\t\t<h2 class=\"elementor-heading-title elementor-size-default\">Wype\u0142nij formularz kontaktowy, a odpowiemy tak szybko, jak to mo\u017cliwe.\nMo\u017cesz r\u00f3wnie\u017c napisa\u0107 bezpo\u015brednio na nasz adres e-mail lub skontaktowa\u0107 si\u0119 telefonicznie.<\/h2>\t\t\t\t<\/div>\n\t\t\t\t<\/div>\n\t\t\t\t\t<\/div>\n\t\t\t\t<\/div>\n\t\t<div class=\"elementor-element elementor-element-5930f13 e-flex e-con-boxed e-con e-parent\" data-id=\"5930f13\" data-element_type=\"container\" data-e-type=\"container\">\n\t\t\t\t\t<div class=\"e-con-inner\">\n\t\t\t\t<div class=\"elementor-element elementor-element-64e29a4 elementor-button-align-stretch elementor-widget elementor-widget-form\" data-id=\"64e29a4\" data-element_type=\"widget\" data-e-type=\"widget\" data-settings=\"{&quot;step_next_label&quot;:&quot;Next&quot;,&quot;step_previous_label&quot;:&quot;Previous&quot;,&quot;button_width&quot;:&quot;100&quot;,&quot;step_type&quot;:&quot;number_text&quot;,&quot;step_icon_shape&quot;:&quot;circle&quot;}\" data-widget_type=\"form.default\">\n\t\t\t\t<div class=\"elementor-widget-container\">\n\t\t\t\t\t\t\t<form class=\"elementor-form\" method=\"post\" name=\"New Form\" aria-label=\"New Form\">\n\t\t\t<input type=\"hidden\" name=\"post_id\" value=\"136\"\/>\n\t\t\t<input type=\"hidden\" name=\"form_id\" value=\"64e29a4\"\/>\n\t\t\t<input type=\"hidden\" name=\"referer_title\" value=\"Kontakt\" \/>\n\n\t\t\t\t\t\t\t<input type=\"hidden\" name=\"queried_id\" value=\"136\"\/>\n\t\t\t\n\t\t\t<div class=\"elementor-form-fields-wrapper elementor-labels-above\">\n\t\t\t\t\t\t\t\t<div class=\"elementor-field-type-text elementor-field-group elementor-column elementor-field-group-name elementor-col-100\">\n\t\t\t\t\t\t\t\t\t\t\t\t<label for=\"form-field-name\" class=\"elementor-field-label\">\n\t\t\t\t\t\t\t\tImi\u0119\t\t\t\t\t\t\t<\/label>\n\t\t\t\t\t\t\t\t\t\t\t\t\t\t<input size=\"1\" type=\"text\" name=\"form_fields[name]\" id=\"form-field-name\" class=\"elementor-field elementor-size-sm  elementor-field-textual\" placeholder=\"Micha\u0142\">\n\t\t\t\t\t\t\t\t\t\t\t<\/div>\n\t\t\t\t\t\t\t\t<div class=\"elementor-field-type-email elementor-field-group elementor-column elementor-field-group-email elementor-col-100 elementor-field-required elementor-mark-required\">\n\t\t\t\t\t\t\t\t\t\t\t\t<label for=\"form-field-email\" class=\"elementor-field-label\">\n\t\t\t\t\t\t\t\tEmail\t\t\t\t\t\t\t<\/label>\n\t\t\t\t\t\t\t\t\t\t\t\t\t\t<input size=\"1\" type=\"email\" name=\"form_fields[email]\" id=\"form-field-email\" class=\"elementor-field elementor-size-sm  elementor-field-textual\" placeholder=\"Em@il.pl\" required=\"required\">\n\t\t\t\t\t\t\t\t\t\t\t<\/div>\n\t\t\t\t\t\t\t\t<div class=\"elementor-field-type-text elementor-field-group elementor-column elementor-field-group-field_99f890b elementor-col-100\">\n\t\t\t\t\t\t\t\t\t\t\t\t<label for=\"form-field-field_99f890b\" class=\"elementor-field-label\">\n\t\t\t\t\t\t\t\tFirma \/ Instytucja\t\t\t\t\t\t\t<\/label>\n\t\t\t\t\t\t\t\t\t\t\t\t\t\t<input size=\"1\" type=\"text\" name=\"form_fields[field_99f890b]\" id=\"form-field-field_99f890b\" class=\"elementor-field elementor-size-sm  elementor-field-textual\" placeholder=\"Xyz sp. z o.o.\">\n\t\t\t\t\t\t\t\t\t\t\t<\/div>\n\t\t\t\t\t\t\t\t<div class=\"elementor-field-type-select elementor-field-group elementor-column elementor-field-group-field_c449925 elementor-col-100\">\n\t\t\t\t\t\t\t\t\t\t\t\t<label for=\"form-field-field_c449925\" class=\"elementor-field-label\">\n\t\t\t\t\t\t\t\tW czym mo\u017cemy pom\u00f3c?\t\t\t\t\t\t\t<\/label>\n\t\t\t\t\t\t\t\t<div class=\"elementor-field elementor-select-wrapper remove-before \">\n\t\t\t<div class=\"select-caret-down-wrapper\">\n\t\t\t\t<svg aria-hidden=\"true\" class=\"e-font-icon-svg e-eicon-caret-down\" viewBox=\"0 0 571.4 571.4\" xmlns=\"http:\/\/www.w3.org\/2000\/svg\"><path d=\"M571 393Q571 407 561 418L311 668Q300 679 286 679T261 668L11 418Q0 407 0 393T11 368 36 357H536Q550 357 561 368T571 393Z\"><\/path><\/svg>\t\t\t<\/div>\n\t\t\t<select name=\"form_fields[field_c449925]\" id=\"form-field-field_c449925\" class=\"elementor-field-textual elementor-size-sm\">\n\t\t\t\t\t\t\t\t\t<option value=\"Potrzebuj\u0119 zagospodarowania popio\u0142\u00f3w lub py\u0142\u00f3w z mojej instalacji\">Potrzebuj\u0119 zagospodarowania popio\u0142\u00f3w lub py\u0142\u00f3w z mojej instalacji<\/option>\n\t\t\t\t\t\t\t\t\t<option value=\"Szukam informacji o stabilizacji i odzysku odpad\u00f3w niebezpiecznych\">Szukam informacji o stabilizacji i odzysku odpad\u00f3w niebezpiecznych<\/option>\n\t\t\t\t\t\t\t\t\t<option value=\"Interesuje mnie wsp\u00f3\u0142praca przy odbudowie (np. infrastruktura w Ukrainie)\">Interesuje mnie wsp\u00f3\u0142praca przy odbudowie (np. infrastruktura w Ukrainie)<\/option>\n\t\t\t\t\t\t\t\t\t<option value=\"Chc\u0119 zaproponowa\u0107 wsp\u00f3\u0142prac\u0119 instytucjonaln\u0105 lub samorz\u0105dow\u0105\">Chc\u0119 zaproponowa\u0107 wsp\u00f3\u0142prac\u0119 instytucjonaln\u0105 lub samorz\u0105dow\u0105<\/option>\n\t\t\t\t\t\t\t\t\t<option value=\"Potrzebuj\u0119 doradztwa w zakresie trudnych frakcji odpadowych\">Potrzebuj\u0119 doradztwa w zakresie trudnych frakcji odpadowych<\/option>\n\t\t\t\t\t\t\t\t\t<option value=\"Szukam komponent\u00f3w z odzysku do budowy, stabilizacji lub in\u017cynierii\">Szukam komponent\u00f3w z odzysku do budowy, stabilizacji lub in\u017cynierii<\/option>\n\t\t\t\t\t\t\t\t\t<option value=\"Chc\u0119 pozna\u0107 szczeg\u00f3\u0142y technologii lub poprosi\u0107 o ofert\u0119\">Chc\u0119 pozna\u0107 szczeg\u00f3\u0142y technologii lub poprosi\u0107 o ofert\u0119<\/option>\n\t\t\t\t\t\t\t\t\t<option value=\"Inna sprawa \u2013 opisz\u0119 poni\u017cej\">Inna sprawa \u2013 opisz\u0119 poni\u017cej<\/option>\n\t\t\t\t\t\t\t<\/select>\n\t\t<\/div>\n\t\t\t\t\t\t<\/div>\n\t\t\t\t\t\t\t\t<div class=\"elementor-field-type-textarea elementor-field-group elementor-column elementor-field-group-message elementor-col-100\">\n\t\t\t\t\t\t\t\t\t\t\t\t<label for=\"form-field-message\" class=\"elementor-field-label\">\n\t\t\t\t\t\t\t\tTwoje pytania\t\t\t\t\t\t\t<\/label>\n\t\t\t\t\t\t<textarea class=\"elementor-field-textual elementor-field  elementor-size-sm\" name=\"form_fields[message]\" id=\"form-field-message\" rows=\"4\" placeholder=\"Wiadomo\u015b\u0107\"><\/textarea>\t\t\t\t<\/div>\n\t\t\t\t\t\t\t\t<div class=\"elementor-field-type-acceptance elementor-field-group elementor-column elementor-field-group-field_cd2c364 elementor-col-100 elementor-field-required elementor-mark-required\">\n\t\t\t\t\t\t\t<div class=\"elementor-field-subgroup\">\n\t\t\t<span class=\"elementor-field-option\">\n\t\t\t\t<input type=\"checkbox\" name=\"form_fields[field_cd2c364]\" id=\"form-field-field_cd2c364\" class=\"elementor-field elementor-size-sm  elementor-acceptance-field\" required=\"required\">\n\t\t\t\t<label for=\"form-field-field_cd2c364\">Wyra\u017cam zgod\u0119 na przetwarzanie moich danych osobowych przez\nPCX sp. z o.o. z siedzib\u0105 we Wroc\u0142awiu, ul. Michalczyka 5, 53-633 Wroc\u0142aw,\nzarejestrowan\u0105 w Rejestrze Przedsi\u0119biorc\u00f3w KRS pod nr 000711061, NIP 8971850159,\nw celu udzielenia odpowiedzi na przes\u0142ane zapytanie i prowadzenia dalszej korespondencji. Administratorem danych osobowych jest PCX sp. z o.o. z siedzib\u0105 we Wroc\u0142awiu.\nPodanie danych jest dobrowolne, ale niezb\u0119dne do realizacji kontaktu.\nMasz prawo dost\u0119pu do swoich danych, ich poprawiania, usuni\u0119cia lub ograniczenia przetwarzania.<\/label>\t\t\t<\/span>\n\t\t<\/div>\n\t\t\t\t\t\t<\/div>\n\t\t\t\t\t\t\t\t<div class=\"elementor-field-group elementor-column elementor-field-type-submit elementor-col-100 e-form__buttons\">\n\t\t\t\t\t<button class=\"elementor-button elementor-size-sm\" type=\"submit\">\n\t\t\t\t\t\t<span class=\"elementor-button-content-wrapper\">\n\t\t\t\t\t\t\t\t\t\t\t\t\t\t\t\t\t\t\t\t\t\t<span class=\"elementor-button-text\">Wy\u015blij<\/span>\n\t\t\t\t\t\t\t\t\t\t\t\t\t<\/span>\n\t\t\t\t\t<\/button>\n\t\t\t\t<\/div>\n\t\t\t<\/div>\n\t\t<\/form>\n\t\t\t\t\t\t<\/div>\n\t\t\t\t<\/div>\n\t\t\t\t\t<\/div>\n\t\t\t\t<\/div>\n\t\t<div class=\"elementor-element elementor-element-58d480e e-flex e-con-boxed e-con e-parent\" data-id=\"58d480e\" data-element_type=\"container\" data-e-type=\"container\">\n\t\t\t\t\t<div class=\"e-con-inner\">\n\t\t\t\t<div class=\"elementor-element elementor-element-3571d64 elementor-widget elementor-widget-heading\" data-id=\"3571d64\" data-element_type=\"widget\" data-e-type=\"widget\" data-widget_type=\"heading.default\">\n\t\t\t\t<div class=\"elementor-widget-container\">\n\t\t\t\t\t<h2 class=\"elementor-heading-title elementor-size-default\">Co dzieje si\u0119 <br>po przes\u0142aniu formularza?<\/h2>\t\t\t\t<\/div>\n\t\t\t\t<\/div>\n\t\t\t\t<div class=\"elementor-element elementor-element-4d2be5c elementor-widget elementor-widget-heading\" data-id=\"4d2be5c\" data-element_type=\"widget\" data-e-type=\"widget\" data-widget_type=\"heading.default\">\n\t\t\t\t<div class=\"elementor-widget-container\">\n\t\t\t\t\t<h2 class=\"elementor-heading-title elementor-size-default\">1. Otrzymujemy Twoj\u0105 wiadomo\u015b\u0107 i analizujemy jej tre\u015b\u0107.<\/h2>\t\t\t\t<\/div>\n\t\t\t\t<\/div>\n\t\t\t\t<div class=\"elementor-element elementor-element-98ca7de elementor-widget elementor-widget-heading\" data-id=\"98ca7de\" data-element_type=\"widget\" data-e-type=\"widget\" data-widget_type=\"heading.default\">\n\t\t\t\t<div class=\"elementor-widget-container\">\n\t\t\t\t\t<h2 class=\"elementor-heading-title elementor-size-default\">\u2013 Sprawdzamy, jakiego wsparcia potrzebujesz i kto z naszego zespo\u0142u powinien si\u0119 tym zaj\u0105\u0107.<\/h2>\t\t\t\t<\/div>\n\t\t\t\t<\/div>\n\t\t\t\t<div class=\"elementor-element elementor-element-757736d elementor-widget elementor-widget-heading\" data-id=\"757736d\" data-element_type=\"widget\" data-e-type=\"widget\" data-widget_type=\"heading.default\">\n\t\t\t\t<div class=\"elementor-widget-container\">\n\t\t\t\t\t<h2 class=\"elementor-heading-title elementor-size-default\">2. W ci\u0105gu 1\u20132 dni roboczych skontaktujemy si\u0119 z Tob\u0105.<\/h2>\t\t\t\t<\/div>\n\t\t\t\t<\/div>\n\t\t\t\t<div class=\"elementor-element elementor-element-3961ac5 elementor-widget elementor-widget-heading\" data-id=\"3961ac5\" data-element_type=\"widget\" data-e-type=\"widget\" data-widget_type=\"heading.default\">\n\t\t\t\t<div class=\"elementor-widget-container\">\n\t\t\t\t\t<h2 class=\"elementor-heading-title elementor-size-default\">\u2003\u2013 Odpowiemy na pytania, dopytamy o szczeg\u00f3\u0142y lub zaproponujemy konkretne rozwi\u0105zanie.<\/h2>\t\t\t\t<\/div>\n\t\t\t\t<\/div>\n\t\t\t\t<div class=\"elementor-element elementor-element-9066786 elementor-widget elementor-widget-heading\" data-id=\"9066786\" data-element_type=\"widget\" data-e-type=\"widget\" data-widget_type=\"heading.default\">\n\t\t\t\t<div class=\"elementor-widget-container\">\n\t\t\t\t\t<h2 class=\"elementor-heading-title elementor-size-default\">3. W razie potrzeby um\u00f3wimy si\u0119 na rozmow\u0119 lub spotkanie.<\/h2>\t\t\t\t<\/div>\n\t\t\t\t<\/div>\n\t\t\t\t<div class=\"elementor-element elementor-element-8b2474a elementor-widget elementor-widget-heading\" data-id=\"8b2474a\" data-element_type=\"widget\" data-e-type=\"widget\" data-widget_type=\"heading.default\">\n\t\t\t\t<div class=\"elementor-widget-container\">\n\t\t\t\t\t<h2 class=\"elementor-heading-title elementor-size-default\">\u2013 Je\u015bli sprawa dotyczy wi\u0119kszego projektu lub analizy odpadu, przygotujemy plan dalszych krok\u00f3w.<\/h2>\t\t\t\t<\/div>\n\t\t\t\t<\/div>\n\t\t\t\t<div class=\"elementor-element elementor-element-09c80f0 elementor-widget elementor-widget-heading\" data-id=\"09c80f0\" data-element_type=\"widget\" data-e-type=\"widget\" data-widget_type=\"heading.default\">\n\t\t\t\t<div class=\"elementor-widget-container\">\n\t\t\t\t\t<h2 class=\"elementor-heading-title elementor-size-default\">4. \u017badnych automatycznych ofert, \u017cadnego spamu.<\/h2>\t\t\t\t<\/div>\n\t\t\t\t<\/div>\n\t\t\t\t<div class=\"elementor-element elementor-element-6192796 elementor-widget elementor-widget-heading\" data-id=\"6192796\" data-element_type=\"widget\" data-e-type=\"widget\" data-widget_type=\"heading.default\">\n\t\t\t\t<div class=\"elementor-widget-container\">\n\t\t\t\t\t<h2 class=\"elementor-heading-title elementor-size-default\">\u2013 Traktujemy ka\u017cde zapytanie indywidualnie. Nasz zesp\u00f3\u0142 odpowiada, nie bot.<\/h2>\t\t\t\t<\/div>\n\t\t\t\t<\/div>\n\t\t\t\t\t<\/div>\n\t\t\t\t<\/div>\n\t\t<div class=\"elementor-element elementor-element-f492c66 e-flex e-con-boxed e-con e-parent\" data-id=\"f492c66\" data-element_type=\"container\" data-e-type=\"container\">\n\t\t\t\t\t<div class=\"e-con-inner\">\n\t\t<div class=\"elementor-element elementor-element-d1bce60 e-con-full e-flex e-con e-child\" data-id=\"d1bce60\" data-element_type=\"container\" data-e-type=\"container\">\n\t\t\t\t<div class=\"elementor-element elementor-element-0c71245 elementor-widget elementor-widget-image\" data-id=\"0c71245\" data-element_type=\"widget\" data-e-type=\"widget\" data-widget_type=\"image.default\">\n\t\t\t\t<div class=\"elementor-widget-container\">\n\t\t\t\t\t\t\t\t\t\t\t\t\t\t\t\t<a href=\"https:\/\/pcx.com.pl\/\">\n\t\t\t\t\t\t\t<img fetchpriority=\"high\" decoding=\"async\" width=\"1029\" height=\"1000\" src=\"https:\/\/pcx.com.pl\/wp-content\/uploads\/2025\/05\/Zrzut-ekranu-2025-05-14-135101.png\" class=\"attachment-2048x2048 size-2048x2048 wp-image-148\" alt=\"\" srcset=\"https:\/\/pcx.com.pl\/wp-content\/uploads\/2025\/05\/Zrzut-ekranu-2025-05-14-135101.png 1029w, https:\/\/pcx.com.pl\/wp-content\/uploads\/2025\/05\/Zrzut-ekranu-2025-05-14-135101-300x292.png 300w, https:\/\/pcx.com.pl\/wp-content\/uploads\/2025\/05\/Zrzut-ekranu-2025-05-14-135101-1024x995.png 1024w, https:\/\/pcx.com.pl\/wp-content\/uploads\/2025\/05\/Zrzut-ekranu-2025-05-14-135101-768x746.png 768w\" sizes=\"(max-width: 1029px) 100vw, 1029px\" \/>\t\t\t\t\t\t\t\t<\/a>\n\t\t\t\t\t\t\t\t\t\t\t\t\t\t\t<\/div>\n\t\t\t\t<\/div>\n\t\t\t\t<\/div>\n\t\t<div class=\"elementor-element elementor-element-156d799 e-con-full e-flex e-con e-child\" data-id=\"156d799\" data-element_type=\"container\" data-e-type=\"container\">\n\t\t\t\t<div class=\"elementor-element elementor-element-ed322fe elementor-widget elementor-widget-image\" data-id=\"ed322fe\" data-element_type=\"widget\" data-e-type=\"widget\" data-widget_type=\"image.default\">\n\t\t\t\t<div class=\"elementor-widget-container\">\n\t\t\t\t\t\t\t\t\t\t\t\t\t\t\t\t<a href=\"https:\/\/pcx.com.pl\/?page_id=136\">\n\t\t\t\t\t\t\t<img decoding=\"async\" width=\"800\" height=\"804\" src=\"https:\/\/pcx.com.pl\/wp-content\/uploads\/2025\/05\/Zrzut-ekranu-2025-05-14-130846-1019x1024.png\" class=\"attachment-large size-large wp-image-125\" alt=\"\" srcset=\"https:\/\/pcx.com.pl\/wp-content\/uploads\/2025\/05\/Zrzut-ekranu-2025-05-14-130846-1019x1024.png 1019w, https:\/\/pcx.com.pl\/wp-content\/uploads\/2025\/05\/Zrzut-ekranu-2025-05-14-130846-150x150.png 150w, https:\/\/pcx.com.pl\/wp-content\/uploads\/2025\/05\/Zrzut-ekranu-2025-05-14-130846-768x772.png 768w, https:\/\/pcx.com.pl\/wp-content\/uploads\/2025\/05\/Zrzut-ekranu-2025-05-14-130846.png 1030w\" sizes=\"(max-width: 800px) 100vw, 800px\" \/>\t\t\t\t\t\t\t\t<\/a>\n\t\t\t\t\t\t\t\t\t\t\t\t\t\t\t<\/div>\n\t\t\t\t<\/div>\n\t\t\t\t<\/div>\n\t\t<div class=\"elementor-element elementor-element-4a0a1f6 e-con-full e-flex e-con e-child\" data-id=\"4a0a1f6\" data-element_type=\"container\" data-e-type=\"container\">\n\t\t\t\t<div class=\"elementor-element elementor-element-4c3d2bd elementor-widget elementor-widget-image\" data-id=\"4c3d2bd\" data-element_type=\"widget\" data-e-type=\"widget\" data-widget_type=\"image.default\">\n\t\t\t\t<div class=\"elementor-widget-container\">\n\t\t\t\t\t\t\t\t\t\t\t\t\t\t\t\t<a href=\"https:\/\/pcx.com.pl\/?page_id=140\">\n\t\t\t\t\t\t\t<img decoding=\"async\" width=\"800\" height=\"802\" src=\"https:\/\/pcx.com.pl\/wp-content\/uploads\/2025\/05\/Zrzut-ekranu-2025-05-14-130855-1022x1024.png\" class=\"attachment-large size-large wp-image-126\" alt=\"\" srcset=\"https:\/\/pcx.com.pl\/wp-content\/uploads\/2025\/05\/Zrzut-ekranu-2025-05-14-130855-1022x1024.png 1022w, https:\/\/pcx.com.pl\/wp-content\/uploads\/2025\/05\/Zrzut-ekranu-2025-05-14-130855-300x300.png 300w, https:\/\/pcx.com.pl\/wp-content\/uploads\/2025\/05\/Zrzut-ekranu-2025-05-14-130855-150x150.png 150w, https:\/\/pcx.com.pl\/wp-content\/uploads\/2025\/05\/Zrzut-ekranu-2025-05-14-130855-768x769.png 768w, https:\/\/pcx.com.pl\/wp-content\/uploads\/2025\/05\/Zrzut-ekranu-2025-05-14-130855.png 1038w\" sizes=\"(max-width: 800px) 100vw, 800px\" \/>\t\t\t\t\t\t\t\t<\/a>\n\t\t\t\t\t\t\t\t\t\t\t\t\t\t\t<\/div>\n\t\t\t\t<\/div>\n\t\t\t\t<\/div>\n\t\t<div class=\"elementor-element elementor-element-ce50c19 e-con-full e-flex e-con e-child\" data-id=\"ce50c19\" data-element_type=\"container\" data-e-type=\"container\">\n\t\t\t\t<div class=\"elementor-element elementor-element-3564dd6 elementor-widget elementor-widget-image\" data-id=\"3564dd6\" data-element_type=\"widget\" data-e-type=\"widget\" data-widget_type=\"image.default\">\n\t\t\t\t<div class=\"elementor-widget-container\">\n\t\t\t\t\t\t\t\t\t\t\t\t\t\t\t\t<a href=\"https:\/\/pcx.com.pl\/?page_id=138\">\n\t\t\t\t\t\t\t<img loading=\"lazy\" decoding=\"async\" width=\"800\" height=\"798\" src=\"https:\/\/pcx.com.pl\/wp-content\/uploads\/2025\/05\/Zrzut-ekranu-2025-05-14-131505-1024x1021.png\" class=\"attachment-large size-large wp-image-128\" alt=\"\" srcset=\"https:\/\/pcx.com.pl\/wp-content\/uploads\/2025\/05\/Zrzut-ekranu-2025-05-14-131505-1024x1021.png 1024w, https:\/\/pcx.com.pl\/wp-content\/uploads\/2025\/05\/Zrzut-ekranu-2025-05-14-131505-300x300.png 300w, https:\/\/pcx.com.pl\/wp-content\/uploads\/2025\/05\/Zrzut-ekranu-2025-05-14-131505-150x150.png 150w, https:\/\/pcx.com.pl\/wp-content\/uploads\/2025\/05\/Zrzut-ekranu-2025-05-14-131505-768x766.png 768w, https:\/\/pcx.com.pl\/wp-content\/uploads\/2025\/05\/Zrzut-ekranu-2025-05-14-131505.png 1033w\" sizes=\"(max-width: 800px) 100vw, 800px\" \/>\t\t\t\t\t\t\t\t<\/a>\n\t\t\t\t\t\t\t\t\t\t\t\t\t\t\t<\/div>\n\t\t\t\t<\/div>\n\t\t\t\t<\/div>\n\t\t\t\t\t<\/div>\n\t\t\t\t<\/div>\n\t\t<div class=\"elementor-element elementor-element-8216c3a e-flex e-con-boxed e-con e-parent\" data-id=\"8216c3a\" data-element_type=\"container\" data-e-type=\"container\">\n\t\t\t\t\t<div class=\"e-con-inner\">\n\t\t<div class=\"elementor-element elementor-element-aab3a8d e-con-full e-flex e-con e-child\" data-id=\"aab3a8d\" data-element_type=\"container\" data-e-type=\"container\">\n\t\t\t\t<div class=\"elementor-element elementor-element-0196b65 elementor-widget elementor-widget-heading\" data-id=\"0196b65\" data-element_type=\"widget\" data-e-type=\"widget\" data-widget_type=\"heading.default\">\n\t\t\t\t<div class=\"elementor-widget-container\">\n\t\t\t\t\t<h2 class=\"elementor-heading-title elementor-size-default\">\u00a9 2025 PCX<\/h2>\t\t\t\t<\/div>\n\t\t\t\t<\/div>\n\t\t\t\t<\/div>\n\t\t<div class=\"elementor-element elementor-element-8a60ba4 e-con-full e-flex e-con e-child\" data-id=\"8a60ba4\" data-element_type=\"container\" data-e-type=\"container\">\n\t\t\t\t<div class=\"elementor-element elementor-element-e76694d elementor-widget elementor-widget-heading\" data-id=\"e76694d\" data-element_type=\"widget\" data-e-type=\"widget\" data-widget_type=\"heading.default\">\n\t\t\t\t<div class=\"elementor-widget-container\">\n\t\t\t\t\t<h2 class=\"elementor-heading-title elementor-size-default\">Professional Carbon eXchange. Wszelkie prawa zastrze\u017cone.  <br>\nPolityka prywatno\u015bci \u00b7 Klauzula informacyjna RODO \u00b7 Informacje prawne<\/h2>\t\t\t\t<\/div>\n\t\t\t\t<\/div>\n\t\t\t\t<\/div>\n\t\t\t\t\t<\/div>\n\t\t\t\t<\/div>\n\t\t\t\t<\/div>\n\t\t","protected":false},"excerpt":{"rendered":"<p>Skontaktuj si\u0119 z nami Masz pytanie dotycz\u0105ce wsp\u00f3\u0142pracy, naszych technologii lub przetwarzania odpad\u00f3w? A mo\u017ce szukasz konkretnego rozwi\u0105zania dla trudnych frakcji popio\u0142\u00f3w, py\u0142\u00f3w lub materia\u0142\u00f3w przemys\u0142owych? Jeste\u015bmy dost\u0119pni \u2013 dla partner\u00f3w, samorz\u0105d\u00f3w, inwestor\u00f3w i ka\u017cdego, kto szuka odpowiedzialnego podej\u015bcia do gospodarki odpadami. Wype\u0142nij formularz kontaktowy, a odpowiemy tak szybko, jak to mo\u017cliwe. Mo\u017cesz r\u00f3wnie\u017c napisa\u0107 [&hellip;]<\/p>\n","protected":false},"author":1,"featured_media":0,"parent":0,"menu_order":0,"comment_status":"closed","ping_status":"closed","template":"elementor_canvas","meta":{"footnotes":""},"class_list":["post-136","page","type-page","status-publish","hentry"],"_links":{"self":[{"href":"https:\/\/pcx.com.pl\/index.php?rest_route=\/wp\/v2\/pages\/136","targetHints":{"allow":["GET"]}}],"collection":[{"href":"https:\/\/pcx.com.pl\/index.php?rest_route=\/wp\/v2\/pages"}],"about":[{"href":"https:\/\/pcx.com.pl\/index.php?rest_route=\/wp\/v2\/types\/page"}],"author":[{"embeddable":true,"href":"https:\/\/pcx.com.pl\/index.php?rest_route=\/wp\/v2\/users\/1"}],"replies":[{"embeddable":true,"href":"https:\/\/pcx.com.pl\/index.php?rest_route=%2Fwp%2Fv2%2Fcomments&post=136"}],"version-history":[{"count":16,"href":"https:\/\/pcx.com.pl\/index.php?rest_route=\/wp\/v2\/pages\/136\/revisions"}],"predecessor-version":[{"id":240,"href":"https:\/\/pcx.com.pl\/index.php?rest_route=\/wp\/v2\/pages\/136\/revisions\/240"}],"wp:attachment":[{"href":"https:\/\/pcx.com.pl\/index.php?rest_route=%2Fwp%2Fv2%2Fmedia&parent=136"}],"curies":[{"name":"wp","href":"https:\/\/api.w.org\/{rel}","templated":true}]}}