{"id":140,"date":"2025-05-14T11:39:41","date_gmt":"2025-05-14T11:39:41","guid":{"rendered":"https:\/\/pcx.com.pl\/?page_id=140"},"modified":"2025-05-15T10:23:37","modified_gmt":"2025-05-15T10:23:37","slug":"info-prawne","status":"publish","type":"page","link":"https:\/\/pcx.com.pl\/?page_id=140","title":{"rendered":"Info Prawne"},"content":{"rendered":"\t\t<div data-elementor-type=\"wp-page\" data-elementor-id=\"140\" class=\"elementor elementor-140\" data-elementor-post-type=\"page\">\n\t\t\t\t<div class=\"elementor-element elementor-element-1b82486 e-flex e-con-boxed e-con e-parent\" data-id=\"1b82486\" data-element_type=\"container\" data-e-type=\"container\" data-settings=\"{&quot;background_background&quot;:&quot;classic&quot;,&quot;shape_divider_bottom&quot;:&quot;mountains&quot;}\">\n\t\t\t\t\t<div class=\"e-con-inner\">\n\t\t\t\t<div class=\"elementor-shape elementor-shape-bottom\" aria-hidden=\"true\" data-negative=\"false\">\n\t\t\t<svg xmlns=\"http:\/\/www.w3.org\/2000\/svg\" viewBox=\"0 0 1000 100\" preserveAspectRatio=\"none\">\n\t<path class=\"elementor-shape-fill\" opacity=\"0.33\" d=\"M473,67.3c-203.9,88.3-263.1-34-320.3,0C66,119.1,0,59.7,0,59.7V0h1000v59.7 c0,0-62.1,26.1-94.9,29.3c-32.8,3.3-62.8-12.3-75.8-22.1C806,49.6,745.3,8.7,694.9,4.7S492.4,59,473,67.3z\"\/>\n\t<path class=\"elementor-shape-fill\" opacity=\"0.66\" d=\"M734,67.3c-45.5,0-77.2-23.2-129.1-39.1c-28.6-8.7-150.3-10.1-254,39.1 s-91.7-34.4-149.2,0C115.7,118.3,0,39.8,0,39.8V0h1000v36.5c0,0-28.2-18.5-92.1-18.5C810.2,18.1,775.7,67.3,734,67.3z\"\/>\n\t<path class=\"elementor-shape-fill\" d=\"M766.1,28.9c-200-57.5-266,65.5-395.1,19.5C242,1.8,242,5.4,184.8,20.6C128,35.8,132.3,44.9,89.9,52.5C28.6,63.7,0,0,0,0 h1000c0,0-9.9,40.9-83.6,48.1S829.6,47,766.1,28.9z\"\/>\n<\/svg>\t\t<\/div>\n\t\t\t\t<div class=\"elementor-element elementor-element-f902898 elementor-widget elementor-widget-spacer\" data-id=\"f902898\" data-element_type=\"widget\" data-e-type=\"widget\" data-widget_type=\"spacer.default\">\n\t\t\t\t<div class=\"elementor-widget-container\">\n\t\t\t\t\t\t\t<div class=\"elementor-spacer\">\n\t\t\t<div class=\"elementor-spacer-inner\"><\/div>\n\t\t<\/div>\n\t\t\t\t\t\t<\/div>\n\t\t\t\t<\/div>\n\t\t\t\t<div class=\"elementor-element elementor-element-37801da elementor-widget elementor-widget-spacer\" data-id=\"37801da\" data-element_type=\"widget\" data-e-type=\"widget\" data-widget_type=\"spacer.default\">\n\t\t\t\t<div class=\"elementor-widget-container\">\n\t\t\t\t\t\t\t<div class=\"elementor-spacer\">\n\t\t\t<div class=\"elementor-spacer-inner\"><\/div>\n\t\t<\/div>\n\t\t\t\t\t\t<\/div>\n\t\t\t\t<\/div>\n\t\t\t\t\t<\/div>\n\t\t\t\t<\/div>\n\t\t<div class=\"elementor-element elementor-element-97d7c51 e-flex e-con-boxed e-con e-parent\" data-id=\"97d7c51\" data-element_type=\"container\" data-e-type=\"container\">\n\t\t\t\t\t<div class=\"e-con-inner\">\n\t\t\t\t<div class=\"elementor-element elementor-element-c2d88ef elementor-widget elementor-widget-heading\" data-id=\"c2d88ef\" data-element_type=\"widget\" data-e-type=\"widget\" data-widget_type=\"heading.default\">\n\t\t\t\t<div class=\"elementor-widget-container\">\n\t\t\t\t\t<h2 class=\"elementor-heading-title elementor-size-default\">Informacje prawne<\/h2>\t\t\t\t<\/div>\n\t\t\t\t<\/div>\n\t\t\t\t<div class=\"elementor-element elementor-element-0e0ea4b elementor-widget elementor-widget-heading\" data-id=\"0e0ea4b\" data-element_type=\"widget\" data-e-type=\"widget\" data-widget_type=\"heading.default\">\n\t\t\t\t<div class=\"elementor-widget-container\">\n\t\t\t\t\t<h2 class=\"elementor-heading-title elementor-size-default\"><p data-start=\"259\" data-end=\"368\"><strong data-start=\"259\" data-end=\"306\">PCX sp\u00f3\u0142ka z ograniczon\u0105 odpowiedzialno\u015bci\u0105<\/strong><br data-start=\"306\" data-end=\"309\">\nz siedzib\u0105 we Wroc\u0142awiu<br data-start=\"332\" data-end=\"335\">\nul. Michalczyka 5, 53-633 Wroc\u0142aw<\/p><p data-start=\"370\" data-end=\"572\">Zarejestrowana w Rejestrze Przedsi\u0119biorc\u00f3w prowadzonym przez<br data-start=\"430\" data-end=\"433\">\n<strong data-start=\"433\" data-end=\"539\">S\u0105d Rejonowy dla Wroc\u0142awia-Fabrycznej we Wroc\u0142awiu, IX Wydzia\u0142 Gospodarczy Krajowego Rejestru S\u0105dowego<\/strong><br data-start=\"539\" data-end=\"542\">\npod numerem <strong data-start=\"554\" data-end=\"572\">KRS 0000711061<\/strong><\/p>\n<p data-start=\"574\" data-end=\"637\"><strong data-start=\"574\" data-end=\"582\">NIP:<\/strong> 8971850159<\/p><\/h2>\t\t\t\t<\/div>\n\t\t\t\t<\/div>\n\t\t\t\t<div class=\"elementor-element elementor-element-03f59d9 elementor-widget elementor-widget-heading\" data-id=\"03f59d9\" data-element_type=\"widget\" data-e-type=\"widget\" data-widget_type=\"heading.default\">\n\t\t\t\t<div class=\"elementor-widget-container\">\n\t\t\t\t\t<h2 class=\"elementor-heading-title elementor-size-default\">Polityka prywatno\u015bci i przetwarzanie danych osobowych<\/h2>\t\t\t\t<\/div>\n\t\t\t\t<\/div>\n\t\t\t\t<div class=\"elementor-element elementor-element-b470ad7 elementor-widget elementor-widget-heading\" data-id=\"b470ad7\" data-element_type=\"widget\" data-e-type=\"widget\" data-widget_type=\"heading.default\">\n\t\t\t\t<div class=\"elementor-widget-container\">\n\t\t\t\t\t<h2 class=\"elementor-heading-title elementor-size-default\">Administratorem danych osobowych jest PCX sp. z o.o.\nWszelkie dane przekazywane za pomoc\u0105 formularza kontaktowego, wiadomo\u015bci e-mail lub innych kana\u0142\u00f3w kontaktu przetwarzane s\u0105 wy\u0142\u0105cznie w celu udzielenia odpowiedzi, nawi\u0105zania wsp\u00f3\u0142pracy lub prowadzenia korespondencji s\u0142u\u017cbowej.\n\nU\u017cytkownik ma prawo:\n\ndost\u0119pu do swoich danych,\n\nich poprawiania,\n\n\u017c\u0105dania usuni\u0119cia lub ograniczenia przetwarzania,\n\nwniesienia sprzeciwu wobec przetwarzania.<\/h2>\t\t\t\t<\/div>\n\t\t\t\t<\/div>\n\t\t\t\t<div class=\"elementor-element elementor-element-9de4a1b elementor-widget elementor-widget-heading\" data-id=\"9de4a1b\" data-element_type=\"widget\" data-e-type=\"widget\" data-widget_type=\"heading.default\">\n\t\t\t\t<div class=\"elementor-widget-container\">\n\t\t\t\t\t<h2 class=\"elementor-heading-title elementor-size-default\">Kontakt w sprawach formalnych i prawnych<\/h2>\t\t\t\t<\/div>\n\t\t\t\t<\/div>\n\t\t\t\t<div class=\"elementor-element elementor-element-47956f8 elementor-widget elementor-widget-heading\" data-id=\"47956f8\" data-element_type=\"widget\" data-e-type=\"widget\" data-widget_type=\"heading.default\">\n\t\t\t\t<div class=\"elementor-widget-container\">\n\t\t\t\t\t<h2 class=\"elementor-heading-title elementor-size-default\">W przypadku pyta\u0144 dotycz\u0105cych danych osobowych, RODO, dokument\u00f3w rejestrowych lub innych kwestii formalnych, prosimy o kontakt:\n\npcx.com.pl @ gma.il.com<\/h2>\t\t\t\t<\/div>\n\t\t\t\t<\/div>\n\t\t\t\t\t<\/div>\n\t\t\t\t<\/div>\n\t\t<div class=\"elementor-element elementor-element-65c4f3c e-flex e-con-boxed e-con e-parent\" data-id=\"65c4f3c\" data-element_type=\"container\" data-e-type=\"container\">\n\t\t\t\t\t<div class=\"e-con-inner\">\n\t\t<div class=\"elementor-element elementor-element-253cc0e e-con-full e-flex e-con e-child\" data-id=\"253cc0e\" data-element_type=\"container\" data-e-type=\"container\">\n\t\t\t\t<div class=\"elementor-element elementor-element-b61b5be elementor-widget elementor-widget-image\" data-id=\"b61b5be\" data-element_type=\"widget\" data-e-type=\"widget\" data-widget_type=\"image.default\">\n\t\t\t\t<div class=\"elementor-widget-container\">\n\t\t\t\t\t\t\t\t\t\t\t\t\t\t\t\t<a href=\"https:\/\/pcx.com.pl\/\">\n\t\t\t\t\t\t\t<img fetchpriority=\"high\" decoding=\"async\" width=\"1029\" height=\"1000\" src=\"https:\/\/pcx.com.pl\/wp-content\/uploads\/2025\/05\/Zrzut-ekranu-2025-05-14-135101.png\" class=\"attachment-2048x2048 size-2048x2048 wp-image-148\" alt=\"\" srcset=\"https:\/\/pcx.com.pl\/wp-content\/uploads\/2025\/05\/Zrzut-ekranu-2025-05-14-135101.png 1029w, https:\/\/pcx.com.pl\/wp-content\/uploads\/2025\/05\/Zrzut-ekranu-2025-05-14-135101-300x292.png 300w, https:\/\/pcx.com.pl\/wp-content\/uploads\/2025\/05\/Zrzut-ekranu-2025-05-14-135101-1024x995.png 1024w, https:\/\/pcx.com.pl\/wp-content\/uploads\/2025\/05\/Zrzut-ekranu-2025-05-14-135101-768x746.png 768w\" sizes=\"(max-width: 1029px) 100vw, 1029px\" \/>\t\t\t\t\t\t\t\t<\/a>\n\t\t\t\t\t\t\t\t\t\t\t\t\t\t\t<\/div>\n\t\t\t\t<\/div>\n\t\t\t\t<\/div>\n\t\t<div class=\"elementor-element elementor-element-09b9f93 e-con-full e-flex e-con e-child\" data-id=\"09b9f93\" data-element_type=\"container\" data-e-type=\"container\">\n\t\t\t\t<div class=\"elementor-element elementor-element-4cfaa3e elementor-widget elementor-widget-image\" data-id=\"4cfaa3e\" data-element_type=\"widget\" data-e-type=\"widget\" data-widget_type=\"image.default\">\n\t\t\t\t<div class=\"elementor-widget-container\">\n\t\t\t\t\t\t\t\t\t\t\t\t\t\t\t\t<a href=\"https:\/\/pcx.com.pl\/?page_id=136\">\n\t\t\t\t\t\t\t<img decoding=\"async\" width=\"800\" height=\"804\" src=\"https:\/\/pcx.com.pl\/wp-content\/uploads\/2025\/05\/Zrzut-ekranu-2025-05-14-130846-1019x1024.png\" class=\"attachment-large size-large wp-image-125\" alt=\"\" srcset=\"https:\/\/pcx.com.pl\/wp-content\/uploads\/2025\/05\/Zrzut-ekranu-2025-05-14-130846-1019x1024.png 1019w, https:\/\/pcx.com.pl\/wp-content\/uploads\/2025\/05\/Zrzut-ekranu-2025-05-14-130846-150x150.png 150w, https:\/\/pcx.com.pl\/wp-content\/uploads\/2025\/05\/Zrzut-ekranu-2025-05-14-130846-768x772.png 768w, https:\/\/pcx.com.pl\/wp-content\/uploads\/2025\/05\/Zrzut-ekranu-2025-05-14-130846.png 1030w\" sizes=\"(max-width: 800px) 100vw, 800px\" \/>\t\t\t\t\t\t\t\t<\/a>\n\t\t\t\t\t\t\t\t\t\t\t\t\t\t\t<\/div>\n\t\t\t\t<\/div>\n\t\t\t\t<\/div>\n\t\t<div class=\"elementor-element elementor-element-d979413 e-con-full e-flex e-con e-child\" data-id=\"d979413\" data-element_type=\"container\" data-e-type=\"container\">\n\t\t\t\t<div class=\"elementor-element elementor-element-6162ade elementor-widget elementor-widget-image\" data-id=\"6162ade\" data-element_type=\"widget\" data-e-type=\"widget\" data-widget_type=\"image.default\">\n\t\t\t\t<div class=\"elementor-widget-container\">\n\t\t\t\t\t\t\t\t\t\t\t\t\t\t\t\t<a href=\"https:\/\/pcx.com.pl\/?page_id=140\">\n\t\t\t\t\t\t\t<img decoding=\"async\" width=\"800\" height=\"802\" src=\"https:\/\/pcx.com.pl\/wp-content\/uploads\/2025\/05\/Zrzut-ekranu-2025-05-14-130855-1022x1024.png\" class=\"attachment-large size-large wp-image-126\" alt=\"\" srcset=\"https:\/\/pcx.com.pl\/wp-content\/uploads\/2025\/05\/Zrzut-ekranu-2025-05-14-130855-1022x1024.png 1022w, https:\/\/pcx.com.pl\/wp-content\/uploads\/2025\/05\/Zrzut-ekranu-2025-05-14-130855-300x300.png 300w, https:\/\/pcx.com.pl\/wp-content\/uploads\/2025\/05\/Zrzut-ekranu-2025-05-14-130855-150x150.png 150w, https:\/\/pcx.com.pl\/wp-content\/uploads\/2025\/05\/Zrzut-ekranu-2025-05-14-130855-768x769.png 768w, https:\/\/pcx.com.pl\/wp-content\/uploads\/2025\/05\/Zrzut-ekranu-2025-05-14-130855.png 1038w\" sizes=\"(max-width: 800px) 100vw, 800px\" \/>\t\t\t\t\t\t\t\t<\/a>\n\t\t\t\t\t\t\t\t\t\t\t\t\t\t\t<\/div>\n\t\t\t\t<\/div>\n\t\t\t\t<\/div>\n\t\t<div class=\"elementor-element elementor-element-ceb1a8e e-con-full e-flex e-con e-child\" data-id=\"ceb1a8e\" data-element_type=\"container\" data-e-type=\"container\">\n\t\t\t\t<div class=\"elementor-element elementor-element-68df4d8 elementor-widget elementor-widget-image\" data-id=\"68df4d8\" data-element_type=\"widget\" data-e-type=\"widget\" data-widget_type=\"image.default\">\n\t\t\t\t<div class=\"elementor-widget-container\">\n\t\t\t\t\t\t\t\t\t\t\t\t\t\t\t\t<a href=\"https:\/\/pcx.com.pl\/?page_id=138\">\n\t\t\t\t\t\t\t<img loading=\"lazy\" decoding=\"async\" width=\"800\" height=\"798\" src=\"https:\/\/pcx.com.pl\/wp-content\/uploads\/2025\/05\/Zrzut-ekranu-2025-05-14-131505-1024x1021.png\" class=\"attachment-large size-large wp-image-128\" alt=\"\" srcset=\"https:\/\/pcx.com.pl\/wp-content\/uploads\/2025\/05\/Zrzut-ekranu-2025-05-14-131505-1024x1021.png 1024w, https:\/\/pcx.com.pl\/wp-content\/uploads\/2025\/05\/Zrzut-ekranu-2025-05-14-131505-300x300.png 300w, https:\/\/pcx.com.pl\/wp-content\/uploads\/2025\/05\/Zrzut-ekranu-2025-05-14-131505-150x150.png 150w, https:\/\/pcx.com.pl\/wp-content\/uploads\/2025\/05\/Zrzut-ekranu-2025-05-14-131505-768x766.png 768w, https:\/\/pcx.com.pl\/wp-content\/uploads\/2025\/05\/Zrzut-ekranu-2025-05-14-131505.png 1033w\" sizes=\"(max-width: 800px) 100vw, 800px\" \/>\t\t\t\t\t\t\t\t<\/a>\n\t\t\t\t\t\t\t\t\t\t\t\t\t\t\t<\/div>\n\t\t\t\t<\/div>\n\t\t\t\t<\/div>\n\t\t\t\t\t<\/div>\n\t\t\t\t<\/div>\n\t\t<div class=\"elementor-element elementor-element-6bcc0e4 e-flex e-con-boxed e-con e-parent\" data-id=\"6bcc0e4\" data-element_type=\"container\" data-e-type=\"container\">\n\t\t\t\t\t<div class=\"e-con-inner\">\n\t\t<div class=\"elementor-element elementor-element-8b61738 e-con-full e-flex e-con e-child\" data-id=\"8b61738\" data-element_type=\"container\" data-e-type=\"container\">\n\t\t\t\t<div class=\"elementor-element elementor-element-ae0a309 elementor-widget elementor-widget-heading\" data-id=\"ae0a309\" data-element_type=\"widget\" data-e-type=\"widget\" data-widget_type=\"heading.default\">\n\t\t\t\t<div class=\"elementor-widget-container\">\n\t\t\t\t\t<h2 class=\"elementor-heading-title elementor-size-default\">\u00a9 2025 PCX<\/h2>\t\t\t\t<\/div>\n\t\t\t\t<\/div>\n\t\t\t\t<\/div>\n\t\t<div class=\"elementor-element elementor-element-a6e5990 e-con-full e-flex e-con e-child\" data-id=\"a6e5990\" data-element_type=\"container\" data-e-type=\"container\">\n\t\t\t\t<div class=\"elementor-element elementor-element-29de9a4 elementor-widget elementor-widget-heading\" data-id=\"29de9a4\" data-element_type=\"widget\" data-e-type=\"widget\" data-widget_type=\"heading.default\">\n\t\t\t\t<div class=\"elementor-widget-container\">\n\t\t\t\t\t<h2 class=\"elementor-heading-title elementor-size-default\">Professional Carbon eXchange. Wszelkie prawa zastrze\u017cone.  <br>\nPolityka prywatno\u015bci \u00b7 Klauzula informacyjna RODO \u00b7 Informacje prawne<\/h2>\t\t\t\t<\/div>\n\t\t\t\t<\/div>\n\t\t\t\t<\/div>\n\t\t\t\t\t<\/div>\n\t\t\t\t<\/div>\n\t\t\t\t<\/div>\n\t\t","protected":false},"excerpt":{"rendered":"<p>Informacje prawne PCX sp\u00f3\u0142ka z ograniczon\u0105 odpowiedzialno\u015bci\u0105 z siedzib\u0105 we Wroc\u0142awiu ul. Michalczyka 5, 53-633 Wroc\u0142aw Zarejestrowana w Rejestrze Przedsi\u0119biorc\u00f3w prowadzonym przez S\u0105d Rejonowy dla Wroc\u0142awia-Fabrycznej we Wroc\u0142awiu, IX Wydzia\u0142 Gospodarczy Krajowego Rejestru S\u0105dowego pod numerem KRS 0000711061 NIP: 8971850159 Polityka prywatno\u015bci i przetwarzanie danych osobowych Administratorem danych osobowych jest PCX sp. z o.o. Wszelkie [&hellip;]<\/p>\n","protected":false},"author":1,"featured_media":0,"parent":0,"menu_order":0,"comment_status":"closed","ping_status":"closed","template":"elementor_canvas","meta":{"footnotes":""},"class_list":["post-140","page","type-page","status-publish","hentry"],"_links":{"self":[{"href":"https:\/\/pcx.com.pl\/index.php?rest_route=\/wp\/v2\/pages\/140","targetHints":{"allow":["GET"]}}],"collection":[{"href":"https:\/\/pcx.com.pl\/index.php?rest_route=\/wp\/v2\/pages"}],"about":[{"href":"https:\/\/pcx.com.pl\/index.php?rest_route=\/wp\/v2\/types\/page"}],"author":[{"embeddable":true,"href":"https:\/\/pcx.com.pl\/index.php?rest_route=\/wp\/v2\/users\/1"}],"replies":[{"embeddable":true,"href":"https:\/\/pcx.com.pl\/index.php?rest_route=%2Fwp%2Fv2%2Fcomments&post=140"}],"version-history":[{"count":4,"href":"https:\/\/pcx.com.pl\/index.php?rest_route=\/wp\/v2\/pages\/140\/revisions"}],"predecessor-version":[{"id":232,"href":"https:\/\/pcx.com.pl\/index.php?rest_route=\/wp\/v2\/pages\/140\/revisions\/232"}],"wp:attachment":[{"href":"https:\/\/pcx.com.pl\/index.php?rest_route=%2Fwp%2Fv2%2Fmedia&parent=140"}],"curies":[{"name":"wp","href":"https:\/\/api.w.org\/{rel}","templated":true}]}}